{"id":17,"date":"2026-01-08T03:02:43","date_gmt":"2026-01-08T03:02:43","guid":{"rendered":"https:\/\/dapoupharma.com\/?page_id=17"},"modified":"2026-01-13T02:52:29","modified_gmt":"2026-01-13T02:52:29","slug":"services","status":"publish","type":"page","link":"https:\/\/dapoupharma.com\/de\/services\/","title":{"rendered":"Leistungen"},"content":{"rendered":"<h1>\n\t\t\tInternationaler Pharmagro\u00dfh\u00e4ndler\t<\/h1>\n<h2>\n\t\t\t DAPOU Pharma GmbH wurde in Oktober 2010 gegr\u00fcndet und arbeitet als Pharmagro\u00dfhandel nach \u00a7 52a des Arzneimittelgesetzes (AMG) im Handel mit pharmazeutischen Produkten.\t<\/h2>\n<h2>\n\t\t\tLeistungen\t<\/h2>\n\t\t\t\t\t\t\t<img loading=\"lazy\" decoding=\"async\" src=\"https:\/\/dapoupharma.com\/wp-content\/uploads\/2026\/01\/Pharmaceutical-distributor.webp\" alt=\"Pharmaceutical-distributor\" width=\"626\" height=\"417\" \/>\n\t\t\t\t\t\t<h3>Lieferung von Arzneimitten<\/h3>\t\t\t\t\t\n\t\t\t<p>Since November 2012 DAPOU Pharma GmbH has the permission of pharmaceutical wholesale.The <a href=\"https:\/\/dapoupharma.com\/de\/services\/#Certificates\">wholesale license<\/a> Die Gro\u00dfhandels-Erlaubnis f\u00fcr Arzneimittel wird nur unter strengen Voraussetzungen erteilt, die Ihnen einen kompetenten Partner gew\u00e4hrleisten.<\/p>\t\t\n\t\t\t\t\t\t\t<img loading=\"lazy\" decoding=\"async\" src=\"https:\/\/dapoupharma.com\/wp-content\/uploads\/2026\/01\/Pharmazeutischer-Groshandel.webp\" alt=\"Pharmazeutischer-Groshandel\" width=\"626\" height=\"417\" \/>\n\t\t\t\t\t\t<h3>Quality Assurance System<\/h3>\t\t\t\t\t\n\t\t\t<p>In particular, a quality assurance system has been established, which regulates all the relevant points of reference in storage, transport and delivery to the redemption and the staff qualifications in detail.We are pleased to fulfill these stringent requirements and be able to support you in your service to the patient with another component.<\/p>\t\t\n\t\t\t\t\t\t\t<img loading=\"lazy\" decoding=\"async\" src=\"https:\/\/dapoupharma.com\/wp-content\/uploads\/2026\/01\/GDP-Certified.jpg\" alt=\"GDP-Certified\" width=\"626\" height=\"418\" \/>\n\t\t\t\t\t\t<h3>GDP-Certified<\/h3>\t\t\t\t\t\n\t\t\t<p>Wir wurden im Rahmen der nationalen Arzneimittel\u00fcberwachung inspiziert und besitzen <a href=\"https:\/\/dapoupharma.com\/de\/services\/#Certificates\">GDP certificate<\/a> seit dem 30.06.2015 das<\/p>\t\t\n\t<p>The GDP-Guideline has been published on March 7, 2013 the Official Journal of the European Commission as &#8220;Guidelines for Good Distribution Practice of medicinal products&#8221; and entered into force on 8th September-2013.<\/p>\n<p>Die GDP-Leitlinie ist f\u00fcr Arzneimittelhersteller, Gro\u00dfh\u00e4ndler und f\u00fcr alle in der Lieferkette involvierten Dienstleister wie Logistiker \/ Transportunternehmen relevant.<\/p>\n\t\t\t\t<img decoding=\"async\" src=\"https:\/\/dapoupharma.com\/wp-content\/uploads\/2026\/01\/zertifikat.png\" alt=\"zertifikat\" itemprop=\"image\" height=\"128\" width=\"128\" title=\"zertifikat\" onerror=\"this.style.display='none'\" loading=\"lazy\" \/>\n<h2>\n\t\t\tZertifikate\t<\/h2>\n\t\t\tAll\n\t\t\n\t\t\t\t<a href=\"https:\/\/dapoupharma.com\/wp-content\/uploads\/2026\/01\/GDP-BadHomburg-1-1-scaled-1.jpg\" target=\"_self\">\n\t\t\t\t<img loading=\"lazy\" decoding=\"async\" src=\"https:\/\/dapoupharma.com\/wp-content\/uploads\/2026\/01\/GDP-BadHomburg-1-1-scaled-1.jpg\" alt=\"\" data-no-lazy=\"1\" width=\"1810\" height=\"2560\" \/>\n\t\t\t\t\t\t<\/a>\n\t\t\t\t\t\t\t<meta itemprop=\"width\" content=\"1810\" \/>\n\t\t\t<meta itemprop=\"height\" content=\"2560\" \/>\n\t\t\t\t<a href=\"https:\/\/dapoupharma.com\/wp-content\/uploads\/2026\/01\/GH-BadHomburg-1-1-scaled-1.jpg\" target=\"_self\">\n\t\t\t\t<img loading=\"lazy\" decoding=\"async\" src=\"https:\/\/dapoupharma.com\/wp-content\/uploads\/2026\/01\/GH-BadHomburg-1-1-scaled-1.jpg\" alt=\"\" data-no-lazy=\"1\" width=\"1810\" height=\"2560\" \/>\n\t\t\t\t\t\t<\/a>\n\t\t\t\t\t\t\t<meta itemprop=\"width\" content=\"1810\" \/>\n\t\t\t<meta itemprop=\"height\" content=\"2560\" \/>","protected":false},"excerpt":{"rendered":"<p>International Pharmaceutical Wholesaler DAPOU Pharma GmbH was founded in October 2010 and works as a pharmaceutical wholesale company in accordance with \u00a7 52a of the Medicines Act (AMG) to trade in pharmaceutical products. Services Supply of Drugs Since November 2012 DAPOU Pharma GmbH has the permission of pharmaceutical wholesale.The wholesale license for medicinal products is&hellip;<\/p>","protected":false},"author":1,"featured_media":0,"parent":0,"menu_order":0,"comment_status":"closed","ping_status":"closed","template":"","meta":{"footnotes":""},"class_list":["post-17","page","type-page","status-publish","hentry"],"yoast_head":"<!-- This site is optimized with the Yoast SEO plugin v27.5 - https:\/\/yoast.com\/product\/yoast-seo-wordpress\/ -->\n<title>International Pharmaceutical Wholesaler | DAPOU Pharma GmbH<\/title>\n<meta name=\"description\" content=\"DAPOU Pharma GmbH is an international pharmaceutical wholesaler supplying licensed medicines worldwide with GDP-certified logistics and quality assurance systems.\" \/>\n<meta name=\"robots\" content=\"index, follow, max-snippet:-1, max-image-preview:large, max-video-preview:-1\" \/>\n<link rel=\"canonical\" href=\"https:\/\/dapoupharma.com\/de\/services\/\" \/>\n<meta property=\"og:locale\" content=\"de_DE\" \/>\n<meta property=\"og:type\" content=\"article\" \/>\n<meta property=\"og:title\" content=\"International Pharmaceutical Wholesaler | DAPOU Pharma GmbH\" \/>\n<meta property=\"og:description\" content=\"DAPOU Pharma GmbH is an international pharmaceutical wholesaler supplying licensed medicines worldwide with GDP-certified logistics and quality assurance systems.\" \/>\n<meta property=\"og:url\" content=\"https:\/\/dapoupharma.com\/de\/services\/\" \/>\n<meta property=\"og:site_name\" content=\"DAPOU Pharma\" \/>\n<meta property=\"article:modified_time\" content=\"2026-01-13T02:52:29+00:00\" \/>\n<meta property=\"og:image\" content=\"https:\/\/dapoupharma.com\/wp-content\/uploads\/2026\/01\/Pharmaceutical-distributor.webp\" \/>\n<meta name=\"twitter:card\" content=\"summary_large_image\" \/>\n<meta name=\"twitter:label1\" content=\"Gesch\u00e4tzte Lesezeit\" \/>\n\t<meta name=\"twitter:data1\" content=\"2\u00a0Minuten\" \/>\n<script type=\"application\/ld+json\" class=\"yoast-schema-graph\">{\"@context\":\"https:\\\/\\\/schema.org\",\"@graph\":[{\"@type\":\"WebPage\",\"@id\":\"https:\\\/\\\/dapoupharma.com\\\/services\\\/\",\"url\":\"https:\\\/\\\/dapoupharma.com\\\/services\\\/\",\"name\":\"International Pharmaceutical Wholesaler | DAPOU Pharma GmbH\",\"isPartOf\":{\"@id\":\"https:\\\/\\\/dapoupharma.com\\\/#website\"},\"primaryImageOfPage\":{\"@id\":\"https:\\\/\\\/dapoupharma.com\\\/services\\\/#primaryimage\"},\"image\":{\"@id\":\"https:\\\/\\\/dapoupharma.com\\\/services\\\/#primaryimage\"},\"thumbnailUrl\":\"https:\\\/\\\/dapoupharma.com\\\/wp-content\\\/uploads\\\/2026\\\/01\\\/Pharmaceutical-distributor.webp\",\"datePublished\":\"2026-01-08T03:02:43+00:00\",\"dateModified\":\"2026-01-13T02:52:29+00:00\",\"description\":\"DAPOU Pharma GmbH is an international pharmaceutical wholesaler supplying licensed medicines worldwide with GDP-certified logistics and quality assurance systems.\",\"breadcrumb\":{\"@id\":\"https:\\\/\\\/dapoupharma.com\\\/services\\\/#breadcrumb\"},\"inLanguage\":\"de\",\"potentialAction\":[{\"@type\":\"ReadAction\",\"target\":[\"https:\\\/\\\/dapoupharma.com\\\/services\\\/\"]}]},{\"@type\":\"ImageObject\",\"inLanguage\":\"de\",\"@id\":\"https:\\\/\\\/dapoupharma.com\\\/services\\\/#primaryimage\",\"url\":\"https:\\\/\\\/dapoupharma.com\\\/wp-content\\\/uploads\\\/2026\\\/01\\\/Pharmaceutical-distributor.webp\",\"contentUrl\":\"https:\\\/\\\/dapoupharma.com\\\/wp-content\\\/uploads\\\/2026\\\/01\\\/Pharmaceutical-distributor.webp\"},{\"@type\":\"BreadcrumbList\",\"@id\":\"https:\\\/\\\/dapoupharma.com\\\/services\\\/#breadcrumb\",\"itemListElement\":[{\"@type\":\"ListItem\",\"position\":1,\"name\":\"Home\",\"item\":\"https:\\\/\\\/dapoupharma.com\\\/\"},{\"@type\":\"ListItem\",\"position\":2,\"name\":\"Services\"}]},{\"@type\":\"WebSite\",\"@id\":\"https:\\\/\\\/dapoupharma.com\\\/#website\",\"url\":\"https:\\\/\\\/dapoupharma.com\\\/\",\"name\":\"DAPOU Pharma\",\"description\":\"\",\"potentialAction\":[{\"@type\":\"SearchAction\",\"target\":{\"@type\":\"EntryPoint\",\"urlTemplate\":\"https:\\\/\\\/dapoupharma.com\\\/?s={search_term_string}\"},\"query-input\":{\"@type\":\"PropertyValueSpecification\",\"valueRequired\":true,\"valueName\":\"search_term_string\"}}],\"inLanguage\":\"de\"}]}<\/script>\n<!-- \/ Yoast SEO plugin. -->","yoast_head_json":{"title":"International Pharmaceutical Wholesaler | DAPOU Pharma GmbH","description":"DAPOU Pharma GmbH is an international pharmaceutical wholesaler supplying licensed medicines worldwide with GDP-certified logistics and quality assurance systems.","robots":{"index":"index","follow":"follow","max-snippet":"max-snippet:-1","max-image-preview":"max-image-preview:large","max-video-preview":"max-video-preview:-1"},"canonical":"https:\/\/dapoupharma.com\/de\/services\/","og_locale":"de_DE","og_type":"article","og_title":"International Pharmaceutical Wholesaler | DAPOU Pharma GmbH","og_description":"DAPOU Pharma GmbH is an international pharmaceutical wholesaler supplying licensed medicines worldwide with GDP-certified logistics and quality assurance systems.","og_url":"https:\/\/dapoupharma.com\/de\/services\/","og_site_name":"DAPOU Pharma","article_modified_time":"2026-01-13T02:52:29+00:00","og_image":[{"url":"https:\/\/dapoupharma.com\/wp-content\/uploads\/2026\/01\/Pharmaceutical-distributor.webp","type":"","width":"","height":""}],"twitter_card":"summary_large_image","twitter_misc":{"Gesch\u00e4tzte Lesezeit":"2\u00a0Minuten"},"schema":{"@context":"https:\/\/schema.org","@graph":[{"@type":"WebPage","@id":"https:\/\/dapoupharma.com\/services\/","url":"https:\/\/dapoupharma.com\/services\/","name":"International Pharmaceutical Wholesaler | DAPOU Pharma GmbH","isPartOf":{"@id":"https:\/\/dapoupharma.com\/#website"},"primaryImageOfPage":{"@id":"https:\/\/dapoupharma.com\/services\/#primaryimage"},"image":{"@id":"https:\/\/dapoupharma.com\/services\/#primaryimage"},"thumbnailUrl":"https:\/\/dapoupharma.com\/wp-content\/uploads\/2026\/01\/Pharmaceutical-distributor.webp","datePublished":"2026-01-08T03:02:43+00:00","dateModified":"2026-01-13T02:52:29+00:00","description":"DAPOU Pharma GmbH is an international pharmaceutical wholesaler supplying licensed medicines worldwide with GDP-certified logistics and quality assurance systems.","breadcrumb":{"@id":"https:\/\/dapoupharma.com\/services\/#breadcrumb"},"inLanguage":"de","potentialAction":[{"@type":"ReadAction","target":["https:\/\/dapoupharma.com\/services\/"]}]},{"@type":"ImageObject","inLanguage":"de","@id":"https:\/\/dapoupharma.com\/services\/#primaryimage","url":"https:\/\/dapoupharma.com\/wp-content\/uploads\/2026\/01\/Pharmaceutical-distributor.webp","contentUrl":"https:\/\/dapoupharma.com\/wp-content\/uploads\/2026\/01\/Pharmaceutical-distributor.webp"},{"@type":"BreadcrumbList","@id":"https:\/\/dapoupharma.com\/services\/#breadcrumb","itemListElement":[{"@type":"ListItem","position":1,"name":"Home","item":"https:\/\/dapoupharma.com\/"},{"@type":"ListItem","position":2,"name":"Services"}]},{"@type":"WebSite","@id":"https:\/\/dapoupharma.com\/#website","url":"https:\/\/dapoupharma.com\/","name":"DAPOU Pharma","description":"","potentialAction":[{"@type":"SearchAction","target":{"@type":"EntryPoint","urlTemplate":"https:\/\/dapoupharma.com\/?s={search_term_string}"},"query-input":{"@type":"PropertyValueSpecification","valueRequired":true,"valueName":"search_term_string"}}],"inLanguage":"de"}]}},"_hostinger_reach_plugin_has_subscription_block":false,"_hostinger_reach_plugin_is_elementor":false,"_links":{"self":[{"href":"https:\/\/dapoupharma.com\/de\/wp-json\/wp\/v2\/pages\/17","targetHints":{"allow":["GET"]}}],"collection":[{"href":"https:\/\/dapoupharma.com\/de\/wp-json\/wp\/v2\/pages"}],"about":[{"href":"https:\/\/dapoupharma.com\/de\/wp-json\/wp\/v2\/types\/page"}],"author":[{"embeddable":true,"href":"https:\/\/dapoupharma.com\/de\/wp-json\/wp\/v2\/users\/1"}],"replies":[{"embeddable":true,"href":"https:\/\/dapoupharma.com\/de\/wp-json\/wp\/v2\/comments?post=17"}],"version-history":[{"count":11,"href":"https:\/\/dapoupharma.com\/de\/wp-json\/wp\/v2\/pages\/17\/revisions"}],"predecessor-version":[{"id":336,"href":"https:\/\/dapoupharma.com\/de\/wp-json\/wp\/v2\/pages\/17\/revisions\/336"}],"wp:attachment":[{"href":"https:\/\/dapoupharma.com\/de\/wp-json\/wp\/v2\/media?parent=17"}],"curies":[{"name":"wp","href":"https:\/\/api.w.org\/{rel}","templated":true}]}}